{"id":57,"date":"2019-04-26T04:39:33","date_gmt":"2019-04-26T04:39:33","guid":{"rendered":"http:\/\/radiofronteras.fmmiradio.com\/?page_id=2"},"modified":"2024-08-20T12:14:07","modified_gmt":"2024-08-20T12:14:07","slug":"sample-page","status":"publish","type":"page","link":"https:\/\/lvgsport.fmmiradio.com\/","title":{"rendered":"ULTIMAS NOTICIAS"},"content":{"rendered":"\n<div class=\"wp-block-columns has-2-columns is-layout-flex wp-container-3 wp-block-columns-is-layout-flex\">\n<div class=\"wp-block-column is-layout-flow wp-block-column-is-layout-flow\">\n<h2 class=\"wp-block-heading\">ULTIMA HORAS<\/h2>\n\n\n\n<iframe loading=\"lazy\" src=\"https:\/\/www.facebook.com\/plugins\/page.php?href=https%3A%2F%2Fwww.facebook.com%2Fprofile.php%3Fid%3D100067092494553&#038;tabs=timeline&#038;width=340&#038;height=1080&#038;small_header=true&#038;adapt_container_width=false&#038;hide_cover=true&#038;show_facepile=false&#038;appId\" width=\"340\" height=\"1080\" style=\"border:none;overflow:hidden\" scrolling=\"no\" frameborder=\"0\" allowfullscreen=\"true\" allow=\"autoplay; clipboard-write; encrypted-media; picture-in-picture; web-share\"><\/iframe>\n<\/div>\n\n\n\n<div class=\"wp-block-column is-layout-flow wp-block-column-is-layout-flow\">\n<h2 class=\"wp-block-heading\">DEPORTES<\/h2>\n\n\n<div class=\"feedzy-57ceb9dfa3ccdd913876e0a3089d6eeb feedzy-rss\"><ul><li  style=\"padding: 15px 0 25px\" class=\"rss_item\"><div class=\"rss_image\" style=\"height:150px;width:150px;\"><a href=\"https:\/\/www.ole.com.ar\/futbol-ascenso\/ascenso-primera-nacional-nueva-chicago-gano-atlanta_0_5S4G97Y5XG.html\" target=\"_blank\" rel=\" noopener\" title=\"Nueva Chicago le gan\u00f3 a Atlanta en Villa Crespo y subi\u00f3 hasta el segundo puesto\" style=\"height:150px;width:150px;\"><img decoding=\"async\" src=\"https:\/\/www.ole.com.ar\/images\/2026\/04\/08\/VtJpokOs__1200x630__1.jpg\" title=\"Nueva Chicago le gan\u00f3 a Atlanta en Villa Crespo y subi\u00f3 hasta el segundo puesto\" style=\"height:150px;width:150px;\"><\/a><\/div><span class=\"title\"><a href=\"https:\/\/www.ole.com.ar\/futbol-ascenso\/ascenso-primera-nacional-nueva-chicago-gano-atlanta_0_5S4G97Y5XG.html\" target=\"_blank\" rel=\" noopener\">Nueva Chicago le gan\u00f3 a Atlanta en Villa Crespo y subi\u00f3 hasta el segundo puesto<\/a><\/span><div class=\"rss_content\" style=\"\"><p>Aunque el Bohemio descont\u00f3 sobre el final, los goles de M\u00e9ndez y Cocimano sentenciaron a un equipo que perdi\u00f3 sus \u00faltimos cuatro encuentros.<\/p><\/div><\/li><li  style=\"padding: 15px 0 25px\" class=\"rss_item\"><div class=\"rss_image\" style=\"height:150px;width:150px;\"><a href=\"https:\/\/www.ole.com.ar\/futbol-internacional\/libertadores\/paredes-medel-camisetas-boca-catolica-libertadores_0_tHMvzX63fn.html\" target=\"_blank\" rel=\" noopener\" title=\"Video: el intercambio de camisetas entre Leandro Paredes y Gary Medel\" style=\"height:150px;width:150px;\"><img decoding=\"async\" src=\"https:\/\/www.ole.com.ar\/images\/2026\/04\/08\/HYgDpmXFa_1200x630__1.jpg\" title=\"Video: el intercambio de camisetas entre Leandro Paredes y Gary Medel\" style=\"height:150px;width:150px;\"><\/a><\/div><span class=\"title\"><a href=\"https:\/\/www.ole.com.ar\/futbol-internacional\/libertadores\/paredes-medel-camisetas-boca-catolica-libertadores_0_tHMvzX63fn.html\" target=\"_blank\" rel=\" noopener\">Video: el intercambio de camisetas entre Leandro Paredes y Gary Medel<\/a><\/span><div class=\"rss_content\" style=\"\"><p>Tras enfrentarse en la primera fecha de la fase de grupos de la Copa Libertadores, el capit\u00e1n de Boca y el crack chileno se cruzaron en los vestuarios y cambiaron sus casacas.<\/p><\/div><\/li><li  style=\"padding: 15px 0 25px\" class=\"rss_item\"><div class=\"rss_image\" style=\"height:150px;width:150px;\"><a href=\"https:\/\/www.ole.com.ar\/boca-juniors\/ubeda-boca-catolica-copa-libertadores_0_MzpHxW2yvJ.html\" target=\"_blank\" rel=\" noopener\" title=\"Ubeda, emotivo tras el triunfo de Boca en la Libertadores: \"Miguel en estos momentos me dec\u00eda que...\"\" style=\"height:150px;width:150px;\"><img decoding=\"async\" src=\"https:\/\/www.ole.com.ar\/images\/2026\/04\/07\/mhr5tsjJR_1200x630__1.jpg\" title=\"Ubeda, emotivo tras el triunfo de Boca en la Libertadores: &quot;Miguel en estos momentos me dec\u00eda que...&quot;\" style=\"height:150px;width:150px;\"><\/a><\/div><span class=\"title\"><a href=\"https:\/\/www.ole.com.ar\/boca-juniors\/ubeda-boca-catolica-copa-libertadores_0_MzpHxW2yvJ.html\" target=\"_blank\" rel=\" noopener\">Ubeda, emotivo tras el triunfo de Boca en la Libertadores: &#8220;Miguel en estos momentos me dec\u00eda que&#8230;&#8221;<\/a><\/span><div class=\"rss_content\" style=\"\"><p>El DT xeneize record\u00f3 a Russo tras la victoria 2-1 en el debut en la Copa ante Universidad Cat\u00f3lica.<\/p><\/div><\/li><li  style=\"padding: 15px 0 25px\" class=\"rss_item\"><div class=\"rss_image\" style=\"height:150px;width:150px;\"><a href=\"https:\/\/www.ole.com.ar\/river-plate\/river-sudamericana-coudet-blooming_0_b5Z7fcuCPM.html\" target=\"_blank\" rel=\" noopener\" title=\"River (pone) play en la Copa Sudamericana\" style=\"height:150px;width:150px;\"><img decoding=\"async\" src=\"https:\/\/www.ole.com.ar\/images\/2026\/04\/08\/55vGUq3xc_1200x630__1.jpg\" title=\"River (pone) play en la Copa Sudamericana\" style=\"height:150px;width:150px;\"><\/a><\/div><span class=\"title\"><a href=\"https:\/\/www.ole.com.ar\/river-plate\/river-sudamericana-coudet-blooming_0_b5Z7fcuCPM.html\" target=\"_blank\" rel=\" noopener\">River (pone) play en la Copa Sudamericana<\/a><\/span><div class=\"rss_content\" style=\"\"><p>El equipo de Coudet debuta este mi\u00e9rcoles ante Blooming, en Bolivia (sin altura) en una competencia en la que el DT sue\u00f1a con saldar su deuda en torner internacionales.<\/p><\/div><\/li><li  style=\"padding: 15px 0 25px\" class=\"rss_item\"><div class=\"rss_image\" style=\"height:150px;width:150px;\"><a href=\"https:\/\/www.ole.com.ar\/opinion\/boca-catolica-libertadores-paredes_0_6jtlSUFZ0h.html\" target=\"_blank\" rel=\" noopener\" title=\"Paredes: la s\u00edntesis de la jerarqu\u00eda\" style=\"height:150px;width:150px;\"><img decoding=\"async\" src=\"https:\/\/www.ole.com.ar\/images\/2026\/04\/07\/8pIg4Mp_r_1200x630__1.jpg\" title=\"Paredes: la s\u00edntesis de la jerarqu\u00eda\" style=\"height:150px;width:150px;\"><\/a><\/div><span class=\"title\"><a href=\"https:\/\/www.ole.com.ar\/opinion\/boca-catolica-libertadores-paredes_0_6jtlSUFZ0h.html\" target=\"_blank\" rel=\" noopener\">Paredes: la s\u00edntesis de la jerarqu\u00eda<\/a><\/span><div class=\"rss_content\" style=\"\"><p>El volante es uno de esos jugadores que realmente marcan la diferencia. Juega, hace jugar y hasta mete goles para que Boca se ilusione.<\/p><\/div><\/li><\/ul> <\/div><style type=\"text\/css\" media=\"all\">.feedzy-rss .rss_item .rss_image{float:left;position:relative;border:none;text-decoration:none;max-width:100%}.feedzy-rss .rss_item .rss_image span{display:inline-block;position:absolute;width:100%;height:100%;background-position:50%;background-size:cover}.feedzy-rss .rss_item .rss_image{margin:.3em 1em 0 0;content-visibility:auto}.feedzy-rss ul{list-style:none}.feedzy-rss ul li{display:inline-block}<\/style>\n\n\n<p><\/p>\n<\/div>\n<\/div>\n\n\n\n<div class=\"wp-block-columns has-2-columns is-layout-flex wp-container-6 wp-block-columns-is-layout-flex\">\n<div class=\"wp-block-column is-layout-flow wp-block-column-is-layout-flow\">\n<h2 class=\"wp-block-heading\">FUTBOL FEMENINO<\/h2>\n\n\n<div class=\"feedzy-cc70482695e7902b473ac750fc810b49 feedzy-rss\"><ul><li  style=\"padding: 15px 0 25px\" class=\"rss_item\"><div class=\"rss_image\" style=\"height:150px;width:150px;\"><a href=\"https:\/\/www.futbolred.com\/colombianos-en-el-exterior\/vea-gol-de-linda-caicedo-con-real-madrid-en-victoria-en-liga-f-contra-madrid-cff-265501\" target=\"_blank\" rel=\" noopener\" title=\"Linda Caicedo y un nuevo gol para pasar amargo momento en Champions\" style=\"height:150px;width:150px;\"><img decoding=\"async\" src=\"https:\/\/www.futbolred.com\/files\/article_graphic\/files\/crop\/uploads\/2025\/11\/08\/690fb2695c60e.r_1351471.0-0-631-316.jpeg\" title=\"Linda Caicedo y un nuevo gol para pasar amargo momento en Champions\" style=\"height:150px;width:150px;\"><\/a><\/div><span class=\"title\"><a href=\"https:\/\/www.futbolred.com\/colombianos-en-el-exterior\/vea-gol-de-linda-caicedo-con-real-madrid-en-victoria-en-liga-f-contra-madrid-cff-265501\" target=\"_blank\" rel=\" noopener\">Linda Caicedo y un nuevo gol para pasar amargo momento en Champions<\/a><\/span><div class=\"rss_content\" style=\"\"><p>La joya colombiana fue una de las jugadoras del partido en el derbi ante Madrid CFF.<\/p><\/div><\/li><li  style=\"padding: 15px 0 25px\" class=\"rss_item\"><div class=\"rss_image\" style=\"height:150px;width:150px;\"><a href=\"https:\/\/www.futbolred.com\/futbol-colombiano\/futbol-femenino\/catalina-usme-exploto-contra-el-futbol-femenino-en-colombia-toca-ir-a-comer-mierd-265456\" target=\"_blank\" rel=\" noopener\" title=\"Catalina Usme estall\u00f3 por precariedad del f\u00fatbol femenino en Colombia\" style=\"height:150px;width:150px;\"><img decoding=\"async\" src=\"https:\/\/www.futbolred.com\/files\/article_graphic\/uploads\/2025\/08\/03\/688fd018b3379.jpeg\" title=\"Catalina Usme estall\u00f3 por precariedad del f\u00fatbol femenino en Colombia\" style=\"height:150px;width:150px;\"><\/a><\/div><span class=\"title\"><a href=\"https:\/\/www.futbolred.com\/futbol-colombiano\/futbol-femenino\/catalina-usme-exploto-contra-el-futbol-femenino-en-colombia-toca-ir-a-comer-mierd-265456\" target=\"_blank\" rel=\" noopener\">Catalina Usme estall\u00f3 por precariedad del f\u00fatbol femenino en Colombia<\/a><\/span><div class=\"rss_content\" style=\"\"><p>La experimentada jugadora critic\u00f3 las condiciones de las jugadoras. \u2018Les toca ir a comer mierd\u2026\u2019<\/p><\/div><\/li><li  style=\"padding: 15px 0 25px\" class=\"rss_item\"><div class=\"rss_image\" style=\"height:150px;width:150px;\"><a href=\"https:\/\/www.futbolred.com\/seleccion-colombia\/sin-catalina-usme-convocatoria-de-colombia-para-triple-fecha-de-liga-de-naciones-femenina-265383\" target=\"_blank\" rel=\" noopener\" title=\"Colombia destap\u00f3 cartas para triple fecha de Liga de Naciones\" style=\"height:150px;width:150px;\"><img decoding=\"async\" src=\"https:\/\/www.futbolred.com\/files\/article_graphic\/files\/crop\/uploads\/2026\/03\/07\/69acb86e44887.r_1353405.0-0-1183-592.png\" title=\"Colombia destap\u00f3 cartas para triple fecha de Liga de Naciones\" style=\"height:150px;width:150px;\"><\/a><\/div><span class=\"title\"><a href=\"https:\/\/www.futbolred.com\/seleccion-colombia\/sin-catalina-usme-convocatoria-de-colombia-para-triple-fecha-de-liga-de-naciones-femenina-265383\" target=\"_blank\" rel=\" noopener\">Colombia destap\u00f3 cartas para triple fecha de Liga de Naciones<\/a><\/span><div class=\"rss_content\" style=\"\"><p>El t\u00e9cnico \u00c1ngelo Marsiglia cit\u00f3 a 23 jugadoras para continuar peleando cupo al Mundial femenino.<\/p><\/div><\/li><li  style=\"padding: 15px 0 25px\" class=\"rss_item\"><div class=\"rss_image\" style=\"height:150px;width:150px;\"><a href=\"https:\/\/www.futbolred.com\/futbol-colombiano\/futbol-femenino\/depende-real-madrid-solo-de-linda-caicedo-paliza-de-barcelona-en-champions-encidende-debate-265355\" target=\"_blank\" rel=\" noopener\" title=\"\u00bfNo Linda, no party? Dependencia y poco apoyo retratan a Real Madrid\" style=\"height:150px;width:150px;\"><img decoding=\"async\" src=\"https:\/\/www.futbolred.com\/files\/article_graphic\/uploads\/2025\/01\/12\/67844c15ee551.jpeg\" title=\"\u00bfNo Linda, no party? Dependencia y poco apoyo retratan a Real Madrid\" style=\"height:150px;width:150px;\"><\/a><\/div><span class=\"title\"><a href=\"https:\/\/www.futbolred.com\/futbol-colombiano\/futbol-femenino\/depende-real-madrid-solo-de-linda-caicedo-paliza-de-barcelona-en-champions-encidende-debate-265355\" target=\"_blank\" rel=\" noopener\">\u00bfNo Linda, no party? Dependencia y poco apoyo retratan a Real Madrid<\/a><\/span><div class=\"rss_content\" style=\"\"><p>La colombiana no pudo hacer nada en llave de Champions League que padeci\u00f3 el &#8216;merengue&#8217;.<\/p><\/div><\/li><li  style=\"padding: 15px 0 25px\" class=\"rss_item\"><div class=\"rss_image\" style=\"height:150px;width:150px;\"><a href=\"https:\/\/www.futbolred.com\/futbol-colombiano\/futbol-femenino\/balance-de-linda-caicedo-en-barrida-de-barcelona-real-madrid-numero-en-6-0-por-champions-league-265353\" target=\"_blank\" rel=\" noopener\" title=\"Paliza de Barcelona a Real Madrid con Linda Caicedo: adi\u00f3s a Champions\" style=\"height:150px;width:150px;\"><img decoding=\"async\" src=\"https:\/\/www.futbolred.com\/files\/article_graphic\/files\/crop\/uploads\/2025\/01\/12\/67844c15ee551.r_1337062.0-0-1024-512.jpeg\" title=\"Paliza de Barcelona a Real Madrid con Linda Caicedo: adi\u00f3s a Champions\" style=\"height:150px;width:150px;\"><\/a><\/div><span class=\"title\"><a href=\"https:\/\/www.futbolred.com\/futbol-colombiano\/futbol-femenino\/balance-de-linda-caicedo-en-barrida-de-barcelona-real-madrid-numero-en-6-0-por-champions-league-265353\" target=\"_blank\" rel=\" noopener\">Paliza de Barcelona a Real Madrid con Linda Caicedo: adi\u00f3s a Champions<\/a><\/span><div class=\"rss_content\" style=\"\"><p>La colombiana luch\u00f3 y fue la mejor de su equipo, pero no hubo milagro.<\/p><\/div><\/li><\/ul> <\/div><style type=\"text\/css\" media=\"all\">.feedzy-rss .rss_item .rss_image{float:left;position:relative;border:none;text-decoration:none;max-width:100%}.feedzy-rss .rss_item .rss_image span{display:inline-block;position:absolute;width:100%;height:100%;background-position:50%;background-size:cover}.feedzy-rss .rss_item .rss_image{margin:.3em 1em 0 0;content-visibility:auto}.feedzy-rss ul{list-style:none}.feedzy-rss ul li{display:inline-block}<\/style><\/div>\n\n\n\n<div class=\"wp-block-column is-layout-flow wp-block-column-is-layout-flow\">\n<h2 class=\"wp-block-heading\">FUTBOL<\/h2>\n\n\n<div class=\"feedzy-227d19a07da4bc842353f5998e8f2caa feedzy-rss\"><ul><li  style=\"padding: 15px 0 25px\" class=\"rss_item\"><div class=\"rss_image\" style=\"height:150px;width:150px;\"><a href=\"https:\/\/www.clarin.com\/deportes\/masters-augusta-historias-cruzadas-argentinos-iran-caza-saco-verde-reincidencia-pato-cabrera-sueno-mateo-pulcini_0_ut2J9D63sH.html\" target=\"_blank\" rel=\" noopener\" title=\"El Masters de Augusta y las historias cruzadas de los dos argentinos que ir\u00e1n a la caza del saco verde: de la reincidencia del Pato Cabrera al sue\u00f1o de Mateo Pulcini\" style=\"height:150px;width:150px;\"><img decoding=\"async\" src=\"https:\/\/www.clarin.com\/img\/2026\/04\/07\/YpFw2RysH_1200x630__1.jpg\" title=\"El Masters de Augusta y las historias cruzadas de los dos argentinos que ir\u00e1n a la caza del saco verde: de la reincidencia del Pato Cabrera al sue\u00f1o de Mateo Pulcini\" style=\"height:150px;width:150px;\"><\/a><\/div><span class=\"title\"><a href=\"https:\/\/www.clarin.com\/deportes\/masters-augusta-historias-cruzadas-argentinos-iran-caza-saco-verde-reincidencia-pato-cabrera-sueno-mateo-pulcini_0_ut2J9D63sH.html\" target=\"_blank\" rel=\" noopener\">El Masters de Augusta y las historias cruzadas de los dos argentinos que ir\u00e1n a la caza del saco verde: de la reincidencia del Pato Cabrera al sue\u00f1o de Mateo Pulcini<\/a><\/span><div class=\"rss_content\" style=\"\"><p>Para el de Villa Allende, que se gan\u00f3 el derecho vitalicio de jugarlo tras su conquista de 2009, ser\u00e1 22\u00b0 vez y la segunda tras su paso por la c\u00e1rcel.Para el de R\u00edo Cuarto, en cambio, ser\u00e1 el bautismo entre las figuras del golf mundial.<\/p><\/div><\/li><li  style=\"padding: 15px 0 25px\" class=\"rss_item\"><div class=\"rss_image\" style=\"height:150px;width:150px;\"><a href=\"https:\/\/www.clarin.com\/deportes\/futbol-machirulos-todavia-noticia-jugador-novio_0_0p3cdMaBnh.html\" target=\"_blank\" rel=\" noopener\" title=\"El f\u00fatbol de los machirulos: por qu\u00e9 todav\u00eda es noticia que un jugador tenga novio\" style=\"height:150px;width:150px;\"><img decoding=\"async\" src=\"https:\/\/www.clarin.com\/img\/2026\/04\/06\/C4jdHtkSt_1200x630__1.jpg\" title=\"El f\u00fatbol de los machirulos: por qu\u00e9 todav\u00eda es noticia que un jugador tenga novio\" style=\"height:150px;width:150px;\"><\/a><\/div><span class=\"title\"><a href=\"https:\/\/www.clarin.com\/deportes\/futbol-machirulos-todavia-noticia-jugador-novio_0_0p3cdMaBnh.html\" target=\"_blank\" rel=\" noopener\">El f\u00fatbol de los machirulos: por qu\u00e9 todav\u00eda es noticia que un jugador tenga novio<\/a><\/span><div class=\"rss_content\" style=\"\"><p>Se viraliz\u00f3 una entrevista de Ignacio Lago de hace nueve meses en la que recibe el saludo de su pareja.Sin embargo, su historia se convirti\u00f3 en tendencia.El licenciado Germ\u00e1n Diorio, psic\u00f3logo especialista en deportes y alto rendimiento, intenta explicar el impacto: &#8220;Son patrones de educaci\u00f3n antiguos&#8221;.<\/p><\/div><\/li><li  style=\"padding: 15px 0 25px\" class=\"rss_item\"><div class=\"rss_image\" style=\"height:150px;width:150px;\"><a href=\"https:\/\/www.clarin.com\/deportes\/river-debuta-copa-sudamericana-balsamo-hinchas-desafio-mayusculo-bolivia-racha-positiva-coudet_0_iHJOLKgibw.html\" target=\"_blank\" rel=\" noopener\" title=\"River debuta en la Copa Sudamericana: un b\u00e1lsamo para los hinchas y un desaf\u00edo may\u00fasculo en Bolivia para la racha positiva de Coudet\" style=\"height:150px;width:150px;\"><img decoding=\"async\" src=\"https:\/\/www.clarin.com\/img\/2026\/04\/05\/DakGnygeI_1200x630__1.jpg\" title=\"River debuta en la Copa Sudamericana: un b\u00e1lsamo para los hinchas y un desaf\u00edo may\u00fasculo en Bolivia para la racha positiva de Coudet\" style=\"height:150px;width:150px;\"><\/a><\/div><span class=\"title\"><a href=\"https:\/\/www.clarin.com\/deportes\/river-debuta-copa-sudamericana-balsamo-hinchas-desafio-mayusculo-bolivia-racha-positiva-coudet_0_iHJOLKgibw.html\" target=\"_blank\" rel=\" noopener\">River debuta en la Copa Sudamericana: un b\u00e1lsamo para los hinchas y un desaf\u00edo may\u00fasculo en Bolivia para la racha positiva de Coudet<\/a><\/span><div class=\"rss_content\" style=\"\"><p>El Millonario coleccion\u00f3 fracasos en 2025 y termin\u00f3 en el segundo escal\u00f3n de Sudam\u00e9rica.Desde que lleg\u00f3 el &#8220;Chacho&#8221;, acumula cuatro triunfos consecutivos.<\/p><\/div><\/li><li  style=\"padding: 15px 0 25px\" class=\"rss_item\"><div class=\"rss_image\" style=\"height:150px;width:150px;\"><a href=\"https:\/\/www.clarin.com\/deportes\/maravilla-martinez-hablo-primera-vez-despues-penal-picado-clasico-racing-vs-independiente-falta-respeto_0_1RC4Vo3L1a.html\" target=\"_blank\" rel=\" noopener\" title=\"\"Maravilla\" Mart\u00ednez habl\u00f3 por primera vez despu\u00e9s del penal \"picado\" en el cl\u00e1sico de Racing vs Independiente: \"No fue una falta de respeto\"\" style=\"height:150px;width:150px;\"><img decoding=\"async\" src=\"https:\/\/www.clarin.com\/img\/2026\/04\/07\/Wyya5LpPZ_1200x630__1.jpg\" title=\"&quot;Maravilla&quot; Mart\u00ednez habl\u00f3 por primera vez despu\u00e9s del penal &quot;picado&quot; en el cl\u00e1sico de Racing vs Independiente: &quot;No fue una falta de respeto&quot;\" style=\"height:150px;width:150px;\"><\/a><\/div><span class=\"title\"><a href=\"https:\/\/www.clarin.com\/deportes\/maravilla-martinez-hablo-primera-vez-despues-penal-picado-clasico-racing-vs-independiente-falta-respeto_0_1RC4Vo3L1a.html\" target=\"_blank\" rel=\" noopener\">&#8220;Maravilla&#8221; Mart\u00ednez habl\u00f3 por primera vez despu\u00e9s del penal &#8220;picado&#8221; en el cl\u00e1sico de Racing vs Independiente: &#8220;No fue una falta de respeto&#8221;<\/a><\/span><div class=\"rss_content\" style=\"\"><p>El delantero pidi\u00f3 jugar en el debut en la Copa Sudamericana, pero ni siquiera pate\u00f3 al arco contra Independiente Petrolero, en la altura de Bolivia.Le ofreci\u00f3 disculpas a los hinchas de la &#8220;Academia&#8221; y tambi\u00e9n a los de su eterno rival en Avellaneda.<\/p><\/div><\/li><li  style=\"padding: 15px 0 25px\" class=\"rss_item\"><div class=\"rss_image\" style=\"height:150px;width:150px;\"><a href=\"https:\/\/www.clarin.com\/deportes\/leandro-paredes-debut-completo-copa-libertadores-empujones-amarilla-golazo-15-minutos-alegria-boca_0_X9cd5xvo1M.html\" target=\"_blank\" rel=\" noopener\" title=\"Leandro Paredes y un debut completo en la Copa Libertadores: empujones, amarilla y un golazo a los 15 minutos para alegr\u00eda de Boca\" style=\"height:150px;width:150px;\"><img decoding=\"async\" src=\"https:\/\/www.clarin.com\/img\/2026\/04\/07\/LHhmEnYF5_1200x630__1.jpg\" title=\"Leandro Paredes y un debut completo en la Copa Libertadores: empujones, amarilla y un golazo a los 15 minutos para alegr\u00eda de Boca\" style=\"height:150px;width:150px;\"><\/a><\/div><span class=\"title\"><a href=\"https:\/\/www.clarin.com\/deportes\/leandro-paredes-debut-completo-copa-libertadores-empujones-amarilla-golazo-15-minutos-alegria-boca_0_X9cd5xvo1M.html\" target=\"_blank\" rel=\" noopener\">Leandro Paredes y un debut completo en la Copa Libertadores: empujones, amarilla y un golazo a los 15 minutos para alegr\u00eda de Boca<\/a><\/span><div class=\"rss_content\" style=\"\"><p>El campe\u00f3n del mundo abri\u00f3 el camino del triunfo parcial contra la Universidad Cat\u00f3lica en Chile.Mir\u00e1 el video.<\/p><\/div><\/li><\/ul> <\/div><style type=\"text\/css\" media=\"all\">.feedzy-rss .rss_item .rss_image{float:left;position:relative;border:none;text-decoration:none;max-width:100%}.feedzy-rss .rss_item .rss_image span{display:inline-block;position:absolute;width:100%;height:100%;background-position:50%;background-size:cover}.feedzy-rss .rss_item .rss_image{margin:.3em 1em 0 0;content-visibility:auto}.feedzy-rss ul{list-style:none}.feedzy-rss ul li{display:inline-block}<\/style><\/div>\n<\/div>\n","protected":false},"excerpt":{"rendered":"<p>ULTIMA HORAS DEPORTES FUTBOL FEMENINO&#8230;<\/p>\n","protected":false},"author":1,"featured_media":0,"parent":0,"menu_order":0,"comment_status":"closed","ping_status":"open","template":"","meta":{"footnotes":""},"_links":{"self":[{"href":"https:\/\/lvgsport.fmmiradio.com\/index.php?rest_route=\/wp\/v2\/pages\/57"}],"collection":[{"href":"https:\/\/lvgsport.fmmiradio.com\/index.php?rest_route=\/wp\/v2\/pages"}],"about":[{"href":"https:\/\/lvgsport.fmmiradio.com\/index.php?rest_route=\/wp\/v2\/types\/page"}],"author":[{"embeddable":true,"href":"https:\/\/lvgsport.fmmiradio.com\/index.php?rest_route=\/wp\/v2\/users\/1"}],"replies":[{"embeddable":true,"href":"https:\/\/lvgsport.fmmiradio.com\/index.php?rest_route=%2Fwp%2Fv2%2Fcomments&post=57"}],"version-history":[{"count":10,"href":"https:\/\/lvgsport.fmmiradio.com\/index.php?rest_route=\/wp\/v2\/pages\/57\/revisions"}],"predecessor-version":[{"id":213,"href":"https:\/\/lvgsport.fmmiradio.com\/index.php?rest_route=\/wp\/v2\/pages\/57\/revisions\/213"}],"wp:attachment":[{"href":"https:\/\/lvgsport.fmmiradio.com\/index.php?rest_route=%2Fwp%2Fv2%2Fmedia&parent=57"}],"curies":[{"name":"wp","href":"https:\/\/api.w.org\/{rel}","templated":true}]}}